{"id":85,"date":"2018-01-30T16:26:43","date_gmt":"2018-01-30T16:26:43","guid":{"rendered":"http:\/\/www.osmanyaman.com.tr\/?page_id=85"},"modified":"2023-01-24T12:06:38","modified_gmt":"2023-01-24T09:06:38","slug":"contact","status":"publish","type":"page","link":"https:\/\/www.osmanyaman.com.tr\/fr\/contact\/","title":{"rendered":"Contact"},"content":{"rendered":"<p>[vc_row][vc_column icons_position=&#8221;left&#8221;][vc_empty_space alter_height=&#8221;medium&#8221; hide_on_wide=&#8221;&#8221; hide_on_desktop=&#8221;&#8221; hide_on_notebook=&#8221;&#8221; hide_on_tablet=&#8221;&#8221; hide_on_mobile=&#8221;&#8221; css=&#8221;.vc_custom_1534858733218{margin-bottom: 2rem !important;}&#8221;]<div id=\"sc_icons_1480326144\" \n\tclass=\"sc_icons sc_icons_default sc_icons_size_small sc_align_center\"><div class=\"sc_icons_columns_wrap sc_item_columns trx_addons_columns_wrap columns_padding_bottom\"><div class=\"trx_addons_column-1_3\"><div class=\"sc_icons_item\"><div class=\"sc_icons_icon sc_icon_type_ icon-002_location\"><span class=\"sc_icon_type_ icon-002_location\"><\/span><\/div><h4 class=\"sc_icons_item_title\"><span>Levent Cd. No:9, 34330<\/span><\/h4><div class=\"sc_icons_item_description\"><span> Be\u015fikta\u015f\/\u0130stanbul<\/span><\/div><\/div><\/div><div class=\"trx_addons_column-1_3\"><div class=\"sc_icons_item sc_icons_item_linked\"><div class=\"sc_icons_icon sc_icon_type_ icon-008_mail\"><span class=\"sc_icon_type_ icon-008_mail\"><\/span><\/div><h4 class=\"sc_icons_item_title\"><span>info@osmanyaman.com.tr<\/span><a href=\"mailto:info@osmanyaman.com.tr\"\n\t\t\t\t\tclass=\"sc_icons_item_link\"><\/a><\/h4><div class=\"sc_icons_item_description\"><span>Ecrivez-Nous<\/span><\/div><a href=\"mailto:info@osmanyaman.com.tr\"\n\t\t\t\t\tclass=\"sc_icons_item_link\"><\/a><\/div><\/div><div class=\"trx_addons_column-1_3\"><div class=\"sc_icons_item sc_icons_item_linked\"><div class=\"sc_icons_icon sc_icon_type_ icon-007_phone\"><span class=\"sc_icon_type_ icon-007_phone\"><\/span><\/div><h4 class=\"sc_icons_item_title\"><span>0 (552) 570 32 08<\/span><a href=\"tel:05525703208\"\n\t\t\t\t\tclass=\"sc_icons_item_link\"><\/a><\/h4><div class=\"sc_icons_item_description\"><span>Appelez Maintenant<\/span><\/div><a href=\"tel:05525703208\"\n\t\t\t\t\tclass=\"sc_icons_item_link\"><\/a><\/div><\/div><\/div><\/div><!-- \/.sc_icons -->[vc_empty_space alter_height=&#8221;large&#8221; hide_on_wide=&#8221;&#8221; hide_on_desktop=&#8221;&#8221; hide_on_notebook=&#8221;&#8221; hide_on_tablet=&#8221;&#8221; hide_on_mobile=&#8221;&#8221; css=&#8221;.vc_custom_1534858818954{margin-bottom: -0.2rem !important;}&#8221;][\/vc_column][\/vc_row][vc_row full_width=&#8221;stretch_row&#8221; hide_bg_image_on_tablet=&#8221;&#8221; hide_bg_image_on_mobile=&#8221;&#8221; css=&#8221;.vc_custom_1630927292009{background: #eff3f6 url(https:\/\/www.osmanyaman.com.tr\/fr\/wp-content\/uploads\/2021\/09\/scalp-micropigmentasyon-01.png?id=721) !important;background-position: center !important;background-repeat: no-repeat !important;background-size: cover !important;}&#8221;][vc_column width=&#8221;1\/6&#8243; icons_position=&#8221;left&#8221;][\/vc_column][vc_column width=&#8221;2\/3&#8243; hide_bg_image_on_tablet=&#8221;&#8221; hide_bg_image_on_mobile=&#8221;&#8221; icons_position=&#8221;left&#8221; el_class=&#8221;padd-4&#8243;][vc_empty_space alter_height=&#8221;large&#8221; hide_on_wide=&#8221;&#8221; hide_on_desktop=&#8221;&#8221; hide_on_notebook=&#8221;&#8221; hide_on_tablet=&#8221;&#8221; hide_on_mobile=&#8221;&#8221; css=&#8221;.vc_custom_1535617997036{margin-bottom: 0rem !important;}&#8221;]<div id=\"sc_title_873933226\"\n\t\tclass=\"sc_title scheme_dark sc_title_default  vc_custom_1674551197620\"><h2 class=\"sc_item_title sc_title_title sc_align_center sc_item_title_style_default sc_item_title_tagtrx_addons_inline_1859419040\">Demandez Nous?<\/h2><h6 class=\"sc_item_subtitle sc_title_subtitle sc_align_center sc_item_title_style_default\">Vous pouvez obtenir des informations et un prix en remplissant le formulaire.<\/h6><\/div><!-- \/.sc_title --><div class=\"wpcf7 no-js\" id=\"wpcf7-f729-o1\" lang=\"tr-TR\" dir=\"ltr\">\n<div class=\"screen-reader-response\"><p role=\"status\" aria-live=\"polite\" aria-atomic=\"true\"><\/p> <ul><\/ul><\/div>\n<form action=\"\/fr\/wp-json\/wp\/v2\/pages\/85#wpcf7-f729-o1\" method=\"post\" class=\"wpcf7-form init\" aria-label=\"Contact form\" novalidate=\"novalidate\" data-status=\"init\">\n<div style=\"display: none;\">\n<input type=\"hidden\" name=\"_wpcf7\" value=\"729\" \/>\n<input type=\"hidden\" name=\"_wpcf7_version\" value=\"5.7.2\" \/>\n<input type=\"hidden\" name=\"_wpcf7_locale\" value=\"tr_TR\" \/>\n<input type=\"hidden\" name=\"_wpcf7_unit_tag\" value=\"wpcf7-f729-o1\" \/>\n<input type=\"hidden\" name=\"_wpcf7_container_post\" value=\"0\" \/>\n<input type=\"hidden\" name=\"_wpcf7_posted_data_hash\" value=\"\" \/>\n<\/div>\n<div class=\"contact_us\">\n\t<div class=\"flex\">\n\t\t<div class='itm row' >\n\t\t\t<p><span class=\"wpcf7-form-control-wrap\" data-name=\"your-name\"><input size=\"40\" class=\"wpcf7-form-control wpcf7-text wpcf7-validates-as-required\" aria-required=\"true\" aria-invalid=\"false\" placeholder=\"Nom et surnom*\" value=\"\" type=\"text\" name=\"your-name\" \/><\/span>\n\t\t\t<\/p>\n\t\t<\/div>\n\t\t<p> &nbsp;\n\t\t<\/p>\n\t\t<div class='itm row'>\n\t\t\t<p><span class=\"wpcf7-form-control-wrap\" data-name=\"your-email\"><input size=\"40\" class=\"wpcf7-form-control wpcf7-text wpcf7-validates-as-required\" aria-required=\"true\" aria-invalid=\"false\" placeholder=\"E-Mail*\" value=\"\" type=\"text\" name=\"your-email\" \/><\/span>\n\t\t\t<\/p>\n\t\t<\/div>\n\t\t<p>&nbsp;\n\t\t<\/p>\n\t\t<div class='itm row'>\n\t\t\t<p><span class=\"wpcf7-form-control-wrap\" data-name=\"your-phone\"><input size=\"40\" class=\"wpcf7-form-control wpcf7-text wpcf7-phonetext wpcf7-validates-as-required wpcf7-validates-as-phonetext\" aria-required=\"true\" aria-invalid=\"false\" placeholder=\"T\u00e9l\u00e9phone\" value=\"\" type=\"text\" name=\"your-phone\" \/><input type=\"hidden\" name=\"your-phone-country-code\" class=\"wpcf7-phonetext-country-code\" \/><\/span>\n\t\t\t<\/p>\n\t\t<\/div>\n\t<\/div>\n\t<div class=''>\n\t\t<p><span class=\"wpcf7-form-control-wrap\" data-name=\"your-message\"><textarea cols=\"40\" rows=\"10\" class=\"wpcf7-form-control wpcf7-textarea wpcf7-validates-as-required\" aria-required=\"true\" aria-invalid=\"false\" placeholder=\"Votre Message*\" name=\"your-message\"><\/textarea><\/span>\n\t\t<\/p>\n\t<\/div>\n\t<div class=\"sc_form_field sc_form_field_button sc_form_field_submit\" style=\"color:white;\">\n\t\t<p><span class=\"wpcf7-form-control-wrap wpgdprc\"><span class=\"wpcf7-form-control wpcf7-validates-as-required wpcf7-wpgdprc\"><span class=\"wpcf7-list-item\"><input type=\"checkbox\" name=\"wpgdprc\" value=\"1\" aria-required=\"true\" aria-invalid=\"false\" \/><span class=\"wpcf7-list-item-label\">J\u2019accepte d\u2019\u00eatre contact\u00e9 dans le but de fournir des services de sant\u00e9 dans le cadre de la Loi sur la Protection des Donn\u00e9es Personnelles.<\/span><\/span><\/span>    <\/span>\n\t\t<\/p>\n\t\t<p><input class=\"wpcf7-form-control has-spinner wpcf7-submit\" type=\"submit\" value=\"Envoyer\" \/>\n\t\t<\/p>\n\t<\/div>\n<\/div><div class=\"wpcf7-response-output\" aria-hidden=\"true\"><\/div><\/form><\/div>[vc_empty_space alter_height=&#8221;large&#8221; hide_on_wide=&#8221;&#8221; hide_on_desktop=&#8221;&#8221; hide_on_notebook=&#8221;&#8221; hide_on_tablet=&#8221;&#8221; hide_on_mobile=&#8221;&#8221; css=&#8221;.vc_custom_1535618000763{margin-bottom: 0rem !important;}&#8221;][\/vc_column][vc_column width=&#8221;1\/6&#8243; icons_position=&#8221;left&#8221;][\/vc_column][\/vc_row][vc_row full_width=&#8221;stretch_row_content_no_spaces&#8221;][vc_column icons_position=&#8221;left&#8221;]<div id=\"sc_googlemap_1874991886_wrap\" class=\"sc_googlemap_wrap\"><div id=\"sc_googlemap_1874991886\"\n\t\t\tclass=\"sc_googlemap sc_googlemap_default trx_addons_inline_1705661812\"\n\t\t\t\t\t\tdata-zoom=\"16\"\n\t\t\tdata-center=\"\"\n\t\t\tdata-style=\"default\"\n\t\t\tdata-cluster-icon=\"\"\n\t\t\t><iframe\n\t\t\t\t\tsrc=\"https:\/\/maps.google.com\/maps?t=m&output=embed&iwloc=near&z=16&q=Levent+Cd.+No%3A9%2C+34330+Be%C5%9Fikta%C5%9F%2F%C4%B0stanbul\"\n\t\t\t\t\tscrolling=\"no\"\n\t\t\t\t\tmarginheight=\"0\"\n\t\t\t\t\tmarginwidth=\"0\"\n\t\t\t\t\tframeborder=\"0\"\n\t\t\t\t\taria-label=\"\"><\/iframe><\/div><\/div><!-- \/.sc_googlemap_wrap -->[\/vc_column][\/vc_row]<\/p>\n","protected":false},"excerpt":{"rendered":"<p>[vc_row][vc_column icons_position=&#8221;left&#8221;][vc_empty_space alter_height=&#8221;medium&#8221; hide_on_wide=&#8221;&#8221; hide_on_desktop=&#8221;&#8221; hide_on_notebook=&#8221;&#8221; hide_on_tablet=&#8221;&#8221; hide_on_mobile=&#8221;&#8221; css=&#8221;.vc_custom_1534858733218{margin-bottom: 2rem !important;}&#8221;][vc_empty_space alter_height=&#8221;large&#8221; hide_on_wide=&#8221;&#8221; hide_on_desktop=&#8221;&#8221; hide_on_notebook=&#8221;&#8221; hide_on_tablet=&#8221;&#8221; hide_on_mobile=&#8221;&#8221; css=&#8221;.vc_custom_1534858818954{margin-bottom: -0.2rem !important;}&#8221;][\/vc_column][\/vc_row][vc_row full_width=&#8221;stretch_row&#8221; hide_bg_image_on_tablet=&#8221;&#8221; hide_bg_image_on_mobile=&#8221;&#8221; css=&#8221;.vc_custom_1630927292009{background: #eff3f6&hellip;<\/p>\n","protected":false},"author":1,"featured_media":0,"parent":0,"menu_order":0,"comment_status":"closed","ping_status":"closed","template":"","meta":[],"aioseo_notices":[],"_links":{"self":[{"href":"https:\/\/www.osmanyaman.com.tr\/fr\/wp-json\/wp\/v2\/pages\/85"}],"collection":[{"href":"https:\/\/www.osmanyaman.com.tr\/fr\/wp-json\/wp\/v2\/pages"}],"about":[{"href":"https:\/\/www.osmanyaman.com.tr\/fr\/wp-json\/wp\/v2\/types\/page"}],"author":[{"embeddable":true,"href":"https:\/\/www.osmanyaman.com.tr\/fr\/wp-json\/wp\/v2\/users\/1"}],"replies":[{"embeddable":true,"href":"https:\/\/www.osmanyaman.com.tr\/fr\/wp-json\/wp\/v2\/comments?post=85"}],"version-history":[{"count":23,"href":"https:\/\/www.osmanyaman.com.tr\/fr\/wp-json\/wp\/v2\/pages\/85\/revisions"}],"predecessor-version":[{"id":1223,"href":"https:\/\/www.osmanyaman.com.tr\/fr\/wp-json\/wp\/v2\/pages\/85\/revisions\/1223"}],"wp:attachment":[{"href":"https:\/\/www.osmanyaman.com.tr\/fr\/wp-json\/wp\/v2\/media?parent=85"}],"curies":[{"name":"wp","href":"https:\/\/api.w.org\/{rel}","templated":true}]}}